{"id":627,"date":"2020-11-12T09:22:05","date_gmt":"2020-11-12T09:22:05","guid":{"rendered":"https:\/\/scuolasembz.it\/shop\/"},"modified":"2022-12-16T08:33:24","modified_gmt":"2022-12-16T08:33:24","slug":"shop","status":"publish","type":"page","link":"https:\/\/scuolasembz.it\/de\/shop\/","title":{"rendered":"Shop"},"content":{"rendered":"\n<figure class=\"wp-block-image size-large\"><img loading=\"lazy\" decoding=\"async\" width=\"1024\" height=\"768\" src=\"https:\/\/scuolasembz.it\/wp-content\/uploads\/2022\/12\/IMG_4559-1024x768.jpg\" alt=\"\" class=\"wp-image-1179\" title=\"\" srcset=\"https:\/\/scuolasembz.it\/wp-content\/uploads\/2022\/12\/IMG_4559-1024x768.jpg 1024w, https:\/\/scuolasembz.it\/wp-content\/uploads\/2022\/12\/IMG_4559-300x225.jpg 300w, https:\/\/scuolasembz.it\/wp-content\/uploads\/2022\/12\/IMG_4559-768x576.jpg 768w, https:\/\/scuolasembz.it\/wp-content\/uploads\/2022\/12\/IMG_4559-1536x1152.jpg 1536w, https:\/\/scuolasembz.it\/wp-content\/uploads\/2022\/12\/IMG_4559.jpg 1707w\" sizes=\"auto, (max-width: 1024px) 100vw, 1024px\" \/><\/figure>\n\n\n\n<p>                                                                       <strong>Kosmetiklinee S.E.M.<\/strong><\/p>\n\n\n<p><strong>REINIGUNGSMILCHE 200ML<\/strong><\/p>\n<p><strong>SCH\u00d6NHEITSWIRKUNG:\u00a0 <\/strong>Die ideale L\u00f6sung zur Reinigung der Haut und zur \u00dcbergabe von Wirkstoffen f\u00fcr gestresste Haut. Die Formulierung mit Glutathion zur Entschlackung und Collagen zur Regenerierung, befreien sanft die Haut von den kleinsten Unreinheiten, f\u00fcr eine strahlendes Gesicht.<\/p>\n<p><strong>ANWENDUNG: <\/strong>Auf Gesicht und Hals auftragen, einmassieren und mit lauwarmem Wasser abwaschen.<\/p>\n<p><strong>HAUPTWIRKSTOFFE: <\/strong><\/p>\n<p><strong><u>Glutathion: <\/u><\/strong>\u00a0entschlackend, antioxidaitv, wirksam bei Feuchtigkeitsverlust und sch\u00fctzt vor Haut\u00e4lterung.\u00a0 \u00a0 <strong><u>Kollagen: <\/u><\/strong>Die Erg\u00e4nzung von Kollagen unterst\u00fctzt die Kollagenproduktion, st\u00e4rkt di Elastizit\u00e4t der Haut und mindert die Ausdrucksfaltenbildung\u00a0 \u00a0 \u00a0 \u00a0 \u00a0 \u00a0 \u00a0 \u00a0 \u00a0 \u00a0 \u00a0 \u00a0 \u00a0 \u00a0 \u00a0 \u00a0 \u00a0 \u00a0 \u00a0 \u00a0 \u00a0 \u00a0 \u00a0 \u00a0 \u00a0 \u00a0 \u00a0 \u00a0 \u00a0 \u00a0 \u00a0 \u00a0 \u00a0 \u00a0 \u00a0 \u00a0 \u00a0 \u00a0 \u00a0 \u00a0 \u00a0 \u00a0 \u00a0 \u00a0 \u00a0 \u00a0 \u00a0 \u00a0 \u00a0 \u00a0 \u00a0 \u00a0 \u00a0 <strong><u>Vitamin A: <\/u><\/strong>regeneriert die gestresste Haut, wirkt antioxidierend. Die Vitamin A moduliert die Produktion der Zellen, reorganisiert die Hautfunktionen und die Reproduktion der Zellen und moduliert die Funktion der keratinisierung der Haut.<\/p>\n<p>\u00a0<\/p>\n<p><strong>LOTION 200ML<\/strong><\/p>\n<p><strong>SCH\u00d6NHEITSWIRKUNG: <\/strong>Diese Feuchtigkeit spendende Lotion gibt ein Gef\u00fchl von Tonisierung. Sanfte und feuchtigkeitsspendende Lotion zum Durststillen der Gesichtshaut und des Decollete, verrichtet eine wichtige ausgleichenden und Anti-Aging Aufgabe. Ihre Formulierung mit Hyalurons\u00e4ure und Rosenwasser verleiht der Haut Straffheit und Frische.<\/p>\n<p>Ideal f\u00fcr jeden Hauttyp<\/p>\n<p><strong>ANWENDUNG:<\/strong> Befeuchten Sie ein Wattepad und streichen Sie es leicht und vorsichtig \u00fcber Gesicht und Hals.<\/p>\n<p><strong>HAUPTWIRKSTOFFE:\u00a0<\/strong><\/p>\n<p><strong><u>Hyalurons\u00e4ure<\/u><\/strong>: Es vermeidet das Auftreten von Schlaffheit und vorzeitiger Hautalterung und stellt ihre gesamte Elastizit\u00e4t und Festigkeit wieder her.\u00a0 \u00a0 \u00a0 \u00a0 \u00a0 \u00a0 \u00a0 \u00a0 \u00a0 \u00a0 \u00a0 \u00a0 \u00a0 \u00a0 \u00a0 \u00a0 \u00a0 \u00a0 \u00a0 \u00a0 \u00a0 \u00a0 \u00a0 \u00a0 \u00a0 \u00a0 \u00a0 \u00a0 \u00a0 \u00a0 \u00a0 \u00a0 \u00a0 \u00a0 \u00a0 \u00a0 \u00a0 \u00a0 \u00a0 <strong><u>Rosenwasser bio:<\/u> <\/strong>\u00a0Mit tonisch-erfrischender, weichmachender und beruhigender Wirkung eignen sie sich zur Reinigung aller Hauttypen<strong>.\u00a0 \u00a0 \u00a0 \u00a0 \u00a0 \u00a0 \u00a0 \u00a0 \u00a0 \u00a0 \u00a0 \u00a0 \u00a0 \u00a0 \u00a0 \u00a0 \u00a0 \u00a0 \u00a0 \u00a0 \u00a0 \u00a0 \u00a0 \u00a0 \u00a0 \u00a0 \u00a0 \u00a0 \u00a0 \u00a0 \u00a0 \u00a0 \u00a0 \u00a0 \u00a0 \u00a0 \u00a0 \u00a0 \u00a0 \u00a0 \u00a0 \u00a0 \u00a0 \u00a0 \u00a0 \u00a0 \u00a0 \u00a0 \u00a0 <\/strong><strong><u>Malvenextrakt bio<\/u><\/strong>: Dank ihrer beruhigenden, erfrischenden und feuchtigkeitsspendenden Eigenschaften eignen sie sich besonders f\u00fcr empfindliche, trockene und feuchtigkeitsarme Haut.<\/p>\n<p>\u00a0<u><\/u><\/p>\n<p><strong>GESICHTSCREME 150ML<\/strong><\/p>\n<p><strong>SCH\u00d6NHEITSWIRKUNG:<\/strong> Eine Gesichtscreme mit reichhaltiger, zarter Textur, die f\u00fcr empfindliche und trockene Haut geschaffen wurde. Seine Formel mit Bio-Haselnuss\u00f6l und Bio-Oliven\u00f6l bringt Feuchtigkeitsspendende und essentielle Lipide in perfekter Balance zur\u00fcck, beruhigt die Haut und st\u00e4rkt sie.<\/p>\n<p><strong>ANWENDUNG<\/strong>: morgens und abends auf Gesicht und Hals auftragen. F\u00fcr eine verst\u00e4rkte Wirkung der Creme vervollst\u00e4ndigen Sie die Gesichtspflege, indem Sie bis zu drei der sechs spezifischen Booster ausw\u00e4hlen und dazu mischen.\u00a0 \u00a0 \u00a0 \u00a0 \u00a0 \u00a0 \u00a0 \u00a0 \u00a0 \u00a0 \u00a0 \u00a0 \u00a0 \u00a0 \u00a0 \u00a0 \u00a0 \u00a0 \u00a0 \u00a0 \u00a0 \u00a0 \u00a0 \u00a0 \u00a0 \u00a0 \u00a0 \u00a0 \u00a0 \u00a0 \u00a0 \u00a0 \u00a0 \u00a0 \u00a0 \u00a0 \u00a0 \u00a0 \u00a0 \u00a0 \u00a0 \u00a0 \u00a0 \u00a0 \u00a0 \u00a0 \u00a0 \u00a0 \u00a0 \u00a0 \u00a0 \u00a0 \u00a0 \u00a0 \u00a0 \u00a0 \u00a0 \u00a0 \u00a0 <strong><em>Vit E: regenerierend\u00a0 \u00a0 \u00a0 \u00a0 \u00a0 \u00a0 \u00a0 \u00a0 \u00a0 \u00a0 \u00a0 \u00a0 \u00a0 \u00a0 \u00a0 \u00a0 \u00a0 \u00a0 \u00a0 \u00a0 \u00a0 \u00a0 \u00a0 \u00a0 \u00a0 \u00a0 \u00a0 \u00a0 \u00a0 \u00a0 \u00a0 \u00a0 \u00a0 \u00a0 \u00a0 \u00a0 \u00a0 \u00a0 \u00a0 \u00a0 \u00a0 \u00a0 \u00a0 \u00a0 \u00a0 \u00a0 \u00a0 \u00a0 \u00a0 \u00a0 \u00a0 \u00a0 \u00a0 \u00a0 \u00a0 \u00a0 \u00a0 \u00a0 \u00a0 \u00a0 \u00a0 \u00a0 <\/em><\/strong><strong><em>Hyalurons\u00e4ure: feuchtigkeitsp\u00e4ndend\u00a0 \u00a0 \u00a0 \u00a0 \u00a0 \u00a0 \u00a0 \u00a0 \u00a0 \u00a0 \u00a0 \u00a0 \u00a0 \u00a0 \u00a0 \u00a0 \u00a0 \u00a0 \u00a0 \u00a0 \u00a0 \u00a0 \u00a0 \u00a0 \u00a0 \u00a0 \u00a0 \u00a0 \u00a0 \u00a0 \u00a0 \u00a0 \u00a0 \u00a0 \u00a0 \u00a0 \u00a0 \u00a0 \u00a0 \u00a0 \u00a0 \u00a0 \u00a0 \u00a0 \u00a0 \u00a0 \u00a0 \u00a0 \u00a0 \u00a0 \u00a0 \u00a0 \u00a0 <\/em><\/strong><strong><em>Vit C: Anti Aging\u00a0 \u00a0 \u00a0 \u00a0 \u00a0 \u00a0 \u00a0 \u00a0 \u00a0 \u00a0 \u00a0 \u00a0 \u00a0 \u00a0 \u00a0 \u00a0 \u00a0 \u00a0 \u00a0 \u00a0 \u00a0 \u00a0 \u00a0 \u00a0 \u00a0 \u00a0 \u00a0 \u00a0 \u00a0 \u00a0 \u00a0 \u00a0 \u00a0 \u00a0 \u00a0 \u00a0 \u00a0 \u00a0 \u00a0 \u00a0 \u00a0 \u00a0 \u00a0 \u00a0 \u00a0 \u00a0 \u00a0 \u00a0 \u00a0 \u00a0 \u00a0 \u00a0 \u00a0 \u00a0 \u00a0 \u00a0 \u00a0 \u00a0 \u00a0 \u00a0 \u00a0 \u00a0 \u00a0 \u00a0 \u00a0 \u00a0 \u00a0 \u00a0 \u00a0 \u00a0 \u00a0 <\/em><\/strong><strong><em>Vit B5: entz\u00fcndungsh\u00e4mmend\u00a0 \u00a0 \u00a0 \u00a0 \u00a0 \u00a0 \u00a0 \u00a0 \u00a0 \u00a0 \u00a0 \u00a0 \u00a0 \u00a0 \u00a0 \u00a0 \u00a0 \u00a0 \u00a0 \u00a0 \u00a0 \u00a0 \u00a0 \u00a0 \u00a0 \u00a0 \u00a0 \u00a0 \u00a0 \u00a0 \u00a0 \u00a0 \u00a0 \u00a0 \u00a0 \u00a0 \u00a0 \u00a0 \u00a0 \u00a0 \u00a0 \u00a0 \u00a0 \u00a0 \u00a0 \u00a0 \u00a0 \u00a0 \u00a0 \u00a0 \u00a0 \u00a0 \u00a0 \u00a0 \u00a0 \u00a0 \u00a0 \u00a0 \u00a0 \u00a0 <\/em><\/strong><strong><em>Q1O: f\u00fcr strahlende Haut\u00a0 \u00a0 \u00a0 \u00a0 \u00a0 \u00a0 \u00a0 \u00a0 \u00a0 \u00a0 \u00a0 \u00a0 \u00a0 \u00a0 \u00a0 \u00a0 \u00a0 \u00a0 \u00a0 \u00a0 \u00a0 \u00a0 \u00a0 \u00a0 \u00a0 \u00a0 \u00a0 \u00a0 \u00a0 \u00a0 \u00a0 \u00a0 \u00a0 \u00a0 \u00a0 \u00a0 \u00a0 \u00a0 \u00a0 \u00a0 \u00a0 \u00a0 \u00a0 \u00a0 \u00a0 \u00a0 \u00a0 \u00a0 \u00a0 \u00a0 \u00a0 \u00a0 \u00a0 \u00a0 \u00a0 \u00a0 \u00a0 \u00a0 \u00a0 \u00a0 \u00a0 \u00a0 \u00a0 \u00a0 <\/em><\/strong><strong><em>Glutathion: Detoxeffekt<\/em><\/strong><\/p>\n<p><strong>WIRKSTOFFE:<\/strong><\/p>\n<p style=\"text-align: left;\"><strong>Bio-Haselnuss\u00f6l<\/strong>: stellt den Lipidschutz der Haut wieder her. Reich an Omega- und Flavonoiden.\u00a0 \u00a0 \u00a0 \u00a0 \u00a0 \u00a0 \u00a0 \u00a0 <strong><u>Oliven\u00f6l bio<\/u><\/strong>: stimuliert in der Dermis die Fibroblasten, um Kollagen und Hyalurons\u00e4ure zu produzieren. Es hat feuchtigkeitsspendende Eigenschaften. Es beugt von Hautalterung vor und sch\u00fctzt vor Umweltsch\u00e4den.\u00a0 \u00a0 \u00a0 \u00a0 \u00a0 \u00a0 \u00a0 \u00a0 \u00a0 \u00a0 \u00a0 \u00a0 \u00a0 \u00a0 \u00a0 \u00a0 \u00a0 \u00a0 \u00a0 \u00a0 \u00a0 \u00a0 \u00a0 \u00a0 \u00a0 \u00a0 \u00a0 \u00a0 \u00a0 \u00a0 \u00a0 \u00a0 \u00a0 \u00a0 \u00a0 \u00a0 \u00a0 \u00a0 \u00a0 \u00a0 \u00a0 \u00a0 \u00a0 \u00a0 \u00a0 \u00a0 \u00a0 \u00a0 \u00a0 \u00a0 \u00a0 \u00a0 \u00a0 \u00a0 \u00a0 \u00a0 \u00a0 \u00a0 \u00a0 \u00a0 <strong><u>Hyalorons\u00e4ure<\/u><\/strong><strong>: <\/strong>verhindert das Auftreten von Schlaffheit und vorzeitiger Hautalterung und stellt ihre gesamte Elastizit\u00e4t und Festigkeit wieder her.\u00a0 \u00a0 \u00a0 \u00a0 \u00a0 \u00a0 \u00a0 \u00a0 \u00a0 \u00a0 \u00a0 \u00a0 \u00a0 \u00a0 \u00a0 \u00a0 \u00a0 \u00a0 \u00a0 \u00a0 \u00a0 \u00a0 \u00a0 \u00a0 \u00a0 \u00a0 \u00a0 \u00a0 \u00a0 \u00a0 \u00a0 \u00a0 \u00a0 \u00a0 \u00a0 \u00a0 \u00a0 \u00a0 \u00a0 \u00a0 \u00a0 \u00a0 \u00a0 \u00a0 <strong><u>Vitamin E:<\/u><\/strong> lipophile, antioxidierende und n\u00e4hrende Wirkung (Anti-Aging)<strong>\u00a0<\/strong><\/p>\n\n\n<p><strong>&nbsp; &nbsp;&nbsp;<\/strong><\/p>\n\n\n\n<p><strong>VITAMIN B5<\/strong> <strong>30ML<\/strong><\/p>\n\n\n\n<p><strong>SCH\u00d6NHEITSWIRKUNG: <\/strong>Die Vitamin B, f\u00fcr eine feuchtigkeitsspendende Wirkung, mit beruhigend Wirkung f\u00fcr ger\u00f6tete Haut, es ist das ideale Serum f\u00fcr besonders reaktive, trockene und empfindliche Haut. Au\u00dferdem ist es auch eine ideale Pflegeserum um Falten vorzubeugen.<\/p>\n\n\n\n<p><strong>ANWENDUNG: <\/strong>das Serum kann pur vor der Tagescreme aufgetragen werden oder in der t\u00e4glichen Tagescrememenge vermischt und dann aufgetragen werden.<\/p>\n\n\n\n<p><\/p>\n\n\n\n<p><strong>VITAMIN C ANTIAGING<\/strong> <strong>30ML<\/strong><\/p>\n\n\n\n<p><strong>SCH\u00d6NHEITSWIRKUNG: <\/strong>Die beeindruckende antioxidative Aktivit\u00e4t einerseits und die Schl\u00fcsselrolle bei der Kollagensynthese andererseits machen Vitamin C zu einem perfekten Kandidaten, um die Haut vor den unaufhaltsamen Alterungsprozessen zu sch\u00fctzen. Es h\u00e4lt den richtigen Zustand der Hautfeuchtigkeit aufrecht, verbessert so den Glanzgrad der Haut selbst und minimiert das Erscheinen von Falten. Es sch\u00fctzt auch die Haut vor ultravioletter Strahlung, die mit Sonneneinstrahlung verbunden ist.<\/p>\n\n\n\n<p><strong>ANWENDUNG: <\/strong>das Serum kann pur vor der Tagescreme aufgetragen werden oder in der t\u00e4glichen Tagescrememenge vermischt und dann aufgetragen werden.<\/p>\n\n\n\n<p><\/p>\n\n\n\n<p><strong>Q10 AKTIV<\/strong> <strong>30ML<\/strong><\/p>\n\n\n\n<p><strong>SCH\u00d6NHEITSWIRKUNG: <\/strong>Ubichinon, auch bekannt als Coenzym Q10, ist ein Enzym-Co-Faktor, der f\u00fcr den Transport von Elektronen durch die mitochondriale Membran auf der Haut verantwortlich ist. Auf der Ebene der Zellmembranen \u00fcbt es eine antioxidative Wirkung aus und reduziert die Lipid- und Proteinperoxidation. Es hellt die Haut auf und hilft, dunkle Flecken zu reduzieren.<\/p>\n\n\n\n<p><strong>VERWENDUNG: <\/strong>das Serum kann pur vor der Tagescreme aufgetragen werden oder in der t\u00e4glichen Tagescrememenge vermischt und dann aufgetragen werden.<\/p>\n\n\n\n<p><\/p>\n\n\n\n<p><strong>GLUTATHION DETOX AKTIV<\/strong> <strong>30ML<\/strong><\/p>\n\n\n\n<p><strong>SCH\u00d6NHEITSWIRKUNG: <\/strong>ein nat\u00fcrliches Tetrapeptid aus Glutamins\u00e4ure, Cystein und Glycin , ist ein Co- Faktor der Glutathionperoxidase(GPX) der es erm\u00f6glicht, eine starke antioxidative Wirkung gegen freie Radikale auszuf\u00fchren. Es f\u00fchrt eine entgiftende Wirkung der Haut durch.<\/p>\n\n\n\n<p><strong>ANWENDUNG<a>: <\/a><\/strong>das Serum kann pur vor der Tagescreme aufgetragen werden oder in der t\u00e4glichen Tagescrememenge vermischt und dann aufgetragen werden.<\/p>\n\n\n\n<p><\/p>\n\n\n\n<p><strong>HYALURONS\u00c4URE FEUTIGKEITSPENDEND<\/strong> <strong>30ML<\/strong><\/p>\n\n\n\n<p><strong>SCH\u00d6NHEITSWIRKUNG: &nbsp;<\/strong>die Hyalurons\u00e4ure kann als Regulator des Gewebewachstums definiert werden. Es verbessert die Hauthelligkeit, hilft, den Alterungsprozess zu reduzieren, insbesondere bei Haut, die durch UV-Strahlen gesch\u00e4digt wurde. Mikronisierte Hyalurons\u00e4ure 50 kDa ist in der Lage, Wassermolek\u00fcle zur\u00fcckzuhalten, indem sie den nat\u00fcrlichen Feuchtigkeitsfaktor integriert und der Haut Feuchtigkeit verleihet. Die Haut erscheint weich und elastisch. Bezug auf die Verdichtungswirkung entsteht ein molekulares Ger\u00fcst, um den Tonus des Gewebes beizubehalten. Dieses Elixier ist eine ausgezeichnete Behandlung f\u00fcr diejenigen Haut welche einem sofortigen Lifting-Effekt ben\u00f6tigt.                         <strong>ANWENDUNG: <\/strong>das Serum kann pur vor der Tagescreme aufgetragen werden oder in der t\u00e4glichen Tagescrememenge vermischt und dann aufgetragen werden<\/p>\n\n\n\n<p><\/p>\n\n\n\n<p><strong>VITAMIN E REGENERIEREND<\/strong> <strong>30ML<\/strong><\/p>\n\n\n\n<p><strong>SCH\u00d6NHEITSWIRKUNG:<\/strong> das Vit E Serum eignet sich besonders f\u00fcr reife, trockene, feuchtigkeitsarme und f\u00fcr empfindliche Haut: mit Anti-Aging, feuchtigkeitsspendender und beruhigender Wirkung. Tats\u00e4chlich hat Vitamin E eine antioxidative Wirkung, die die Haut vor den Umwelteingriffen freier Radikalen sch\u00fctzt, die haupts\u00e4chlich f\u00fcr Hautalterung und Zellsch\u00e4den verantwortlich sind. Die Anwendung von Vitamin E hilft, die Feuchtigkeitszufuhr \u00a0und Elastizit\u00e4t der Haut zu verbessern und den nat\u00fcrlichen Schutz der Epidermis zu st\u00e4rken. Wirksam bei R\u00f6tungen aufgrund \u00fcberm\u00e4\u00dfiger Sonneneinstrahlung.<\/p>\n\n\n\n<p><strong>ANWENDUNG: <\/strong>das Serum kann pur vor der Tagescreme aufgetragen werden oder in der t\u00e4glichen Tagescrememenge vermischt und dann aufgetragen werden.<\/p>\n\n\n\n<p><\/p>\n\n\n\n<p><\/p>\n\n\n\n<p><\/p>\n\n\n\n<p><\/p>\n\n\n\n<p><\/p>\n\n\n\n<p><\/p>\n","protected":false},"excerpt":{"rendered":"<p>Kosmetiklinee S.E.M. REINIGUNGSMILCHE 200ML SCH\u00d6NHEITSWIRKUNG:\u00a0 Die ideale L\u00f6sung zur Reinigung der Haut und zur \u00dcbergabe von Wirkstoffen f\u00fcr gestresste Haut. Die Formulierung mit Glutathion zur Entschlackung und Collagen zur Regenerierung,&#8230;<\/p>\n","protected":false},"author":1,"featured_media":0,"parent":0,"menu_order":0,"comment_status":"closed","ping_status":"closed","template":"","meta":{"footnotes":""},"class_list":["post-627","page","type-page","status-publish"],"publishpress_future_workflow_manual_trigger":{"enabledWorkflows":[]},"_links":{"self":[{"href":"https:\/\/scuolasembz.it\/de\/wp-json\/wp\/v2\/pages\/627","targetHints":{"allow":["GET"]}}],"collection":[{"href":"https:\/\/scuolasembz.it\/de\/wp-json\/wp\/v2\/pages"}],"about":[{"href":"https:\/\/scuolasembz.it\/de\/wp-json\/wp\/v2\/types\/page"}],"author":[{"embeddable":true,"href":"https:\/\/scuolasembz.it\/de\/wp-json\/wp\/v2\/users\/1"}],"replies":[{"embeddable":true,"href":"https:\/\/scuolasembz.it\/de\/wp-json\/wp\/v2\/comments?post=627"}],"version-history":[{"count":9,"href":"https:\/\/scuolasembz.it\/de\/wp-json\/wp\/v2\/pages\/627\/revisions"}],"predecessor-version":[{"id":1194,"href":"https:\/\/scuolasembz.it\/de\/wp-json\/wp\/v2\/pages\/627\/revisions\/1194"}],"wp:attachment":[{"href":"https:\/\/scuolasembz.it\/de\/wp-json\/wp\/v2\/media?parent=627"}],"curies":[{"name":"wp","href":"https:\/\/api.w.org\/{rel}","templated":true}]}}